{"id":840,"date":"2024-02-15T12:31:07","date_gmt":"2024-02-15T12:31:07","guid":{"rendered":"https:\/\/cleancars.news-creativ.de\/?page_id=840"},"modified":"2024-02-15T12:37:31","modified_gmt":"2024-02-15T12:37:31","slug":"agb","status":"publish","type":"page","link":"https:\/\/clean-cars.de\/?page_id=840","title":{"rendered":"AGB"},"content":{"rendered":"\t\t<div data-elementor-type=\"wp-page\" data-elementor-id=\"840\" class=\"elementor elementor-840\" data-elementor-post-type=\"page\">\n\t\t\t\t<div class=\"elementor-element elementor-element-b043bac e-con-full e-flex e-con e-parent\" data-id=\"b043bac\" data-element_type=\"container\" data-e-type=\"container\">\n\t\t<div class=\"elementor-element elementor-element-1206eb9 e-flex e-con-boxed e-con e-child\" data-id=\"1206eb9\" data-element_type=\"container\" data-e-type=\"container\" data-settings=\"{&quot;background_background&quot;:&quot;classic&quot;}\">\n\t\t\t\t\t<div class=\"e-con-inner\">\n\t\t\t\t<div class=\"elementor-element elementor-element-1bc19a8 elementor-widget elementor-widget-heading\" data-id=\"1bc19a8\" data-element_type=\"widget\" data-e-type=\"widget\" data-widget_type=\"heading.default\">\n\t\t\t\t<div class=\"elementor-widget-container\">\n\t\t\t\t\t<h2 class=\"elementor-heading-title elementor-size-default\">AGB<\/h2>\t\t\t\t<\/div>\n\t\t\t\t<\/div>\n\t\t\t\t\t<\/div>\n\t\t\t\t<\/div>\n\t\t<div class=\"elementor-element elementor-element-7a809ac e-flex e-con-boxed e-con e-child\" data-id=\"7a809ac\" data-element_type=\"container\" data-e-type=\"container\">\n\t\t\t\t\t<div class=\"e-con-inner\">\n\t\t\t\t<div class=\"elementor-element elementor-element-986e1c3 elementor-widget elementor-widget-text-editor\" data-id=\"986e1c3\" data-element_type=\"widget\" data-e-type=\"widget\" data-widget_type=\"text-editor.default\">\n\t\t\t\t<div class=\"elementor-widget-container\">\n\t\t\t\t\t\t\t\t\t<p style=\"text-align: center;\"><strong><span style=\"color: #c00d0e;\">\u00a7 1 Gegenstand der Gesch\u00e4ftsbedingungen<\/span><br \/><\/strong>Gegenstand der nachfolgenden Bedingungen ist die Fahrzeugaufbereitung, insbesondere das Reinigen, Pflegen an Kraftfahrzeugen aller Art, soweit dies gesetzlich zul\u00e4ssig ist. Die angebotenen Leistungen werden ausschlie\u00dflich zu den jeweils g\u00fcltigen Allgemeinen Gesch\u00e4ftsbedingungen der Clean Cars Fahrzeugpflege erbracht.<\/p><p style=\"text-align: center;\">\u00a0<\/p><p style=\"text-align: center;\"><span style=\"color: #c00d0e;\"><strong>\u00a7 2 Terminvereinbarungen<\/strong><\/span><\/p><p style=\"text-align: center;\">2.1. Zwischen der Firma Clean Cars Fahrzeugpflege und dem Auftraggeber kommt ein Vertragsabschluss mit Terminvereinbarungen f\u00fcr Serviceleistungen des Anbieters zustande und wird als solcher zwischen den Vertragsparteien anerkannt. Zur zus\u00e4tzlichen Dokumentation des Vertragsabschlusses hat der Auftraggeber vor Durchf\u00fchrung der Fahrzeugreinigung\/ -aufbereitung eine schriftliche Auftragsbest\u00e4tigung zu unterzeichnen.<\/p><p style=\"text-align: center;\">2.2. Eilauftr\u00e4ge m\u00fcssen von Auftraggebern als solche vor Auftragsannahme angegeben werden. Eine Auftragsannahme von Eilauftr\u00e4gen beh\u00e4lt sich die Firma Clean Cars Fahrzeugpflege vor, da diese sich nach der Auftragslage richten.<\/p><p>\u00a0<\/p><p style=\"text-align: center;\"><span style=\"color: #c00d0e;\"><strong>\u00a7 3 Nichteinhaltung von Terminvereinbarungen<\/strong><\/span><\/p><p style=\"text-align: center;\">3.1. Die G\u00fcltigkeit von Terminvereinbarungen bestehen bis zum vereinbarten Termin, sofern nicht mindestens zwei Werktage vorher von einer Seite der Gesch\u00e4ftsparteien aufgek\u00fcndigt wird.<\/p><p style=\"text-align: center;\">3.2. Sofern kein wichtiger Grund f\u00fcr die Nichteinhaltung eines Termins erkennbar ist, kann die Firma Clean Cars Fahrzeugpflege eine Unkostenpauschale in H\u00f6he von 20% des ausgemachten Preises, in Rechnung stellen bzw. geltend machen.<\/p><p>\u00a0<\/p><p style=\"text-align: center;\"><span style=\"color: #c00d0e;\"><strong>\u00a7 4 Reklamationen<\/strong><\/span><\/p><p style=\"text-align: center;\">4.1. Die durchgef\u00fchrten Leistungen des Anbieters werden zusammen mit dem Auftraggeber bei \u00dcbergabe des Fahrzeuges von der Firma Clean Cars Fahrzeugpflege an den Auftraggeber \u00fcberpr\u00fcft und gemeinsam abgenommen. Reklamationen sind unverz\u00fcglich nach erbrachter Arbeit geltend zu machen. Im Fall von nicht offensichtlichen M\u00e4ngeln sind diese unverz\u00fcglich nach Kenntnisnahme vom Auftraggeber gegen\u00fcber dem Anbieter anzuzeigen. Der Anbieter hat das ausdr\u00fcckliche Recht zur Nacherf\u00fcllung, sofern die Reklamation berechtigt ist.<\/p><p style=\"text-align: center;\">4.2. Reklamationen sind vom Auftraggeber vor Ort und unverz\u00fcglich im Beisein des Dienstleisters schriftlich festzuhalten.<\/p><p style=\"text-align: center;\">4.3. Bei Reklamationen, die sich auf eine Besch\u00e4digung am Fahrzeug durch den Dienstleister beziehen k\u00f6nnten, m\u00fcssen die Besch\u00e4digungen unverz\u00fcglich nach \u00dcbergabe des Fahrzeuges gemeldet werden.<\/p><p style=\"text-align: center;\">4.4 Das Fahrzeug darf bei \u00dcbergabe keine losen Teile aufweisen. Wertsachen oder andere Gegenstande m\u00fcssen vorher entfernt werden. Es k\u00f6nnen keine Schadensersatzanspr\u00fcche gegen die Firma Clean Cars Fahrzeugpflege und dessen Mitarbeiter, bei fehlenden oder nicht zum Fahrzeug geh\u00f6renden Teilen oder Wertsachen geltend gemacht werden.<\/p><p style=\"text-align: center;\">4.5. Motorraum- und Motorw\u00e4sche werden nur an Kraftfahrzeugen mit einwandfreier Elektronikabdichtung durchgef\u00fchrt, bei Ausf\u00e4llen \u00fcbernimmt die Firma Clean Cars Fahrzeugpflege keine Haftung. Mit der Auftragserteilung zur Motorraum- und Motorw\u00e4sche best\u00e4tigt der Kunde die einwandfreie Elektronikabdichtung im Motorraum an seinem Kraftfahrzeug.<\/p><p style=\"text-align: center;\">4.6. Die Haftung f\u00fcr Sch\u00e4den, die vor der Fahrzeugaufbereitung an dem betroffenen Fahrzeug schon vorhanden waren und durch die Fahrzeugaufbereitung an diesem Fahrzeug vergr\u00f6\u00dfert wurden, wird nicht \u00fcbernommen. Die Firma Clean Cars Fahrzeugpflege macht den Kunden vor Beginn ihrer Arbeit auf bereits vorhandene, sichtbare Sch\u00e4den aufmerksam.<\/p><p style=\"text-align: center;\">4.7. Der Anbieter \u00fcbernimmt keine Garantie f\u00fcr den Erfolg der von ihm am Kraftfahrzeug ausgef\u00fchrten Arbeiten, wenn der Zustand des Kraftfahrzeugs schon im Vornherein an einem Erfolg zweifeln l\u00e4sst. \u00dcber diesen Umstand wird der Kunde vor Beginn der Arbeiten unterrichtet. F\u00fcr m\u00f6glicherweise auftretende Flecken nach der pflegenden Innen- ebenso wie bei der Sitzreinigung, \u00fcbernimmt die Clean Cars Fahrzeugpflege keine Haftung.<\/p><p>\u00a0<\/p><p style=\"text-align: center;\"><span style=\"color: #c00d0e;\"><strong>\u00a7 5 Preise \/ Pauschalpreise<\/strong><\/span><\/p><p style=\"text-align: center;\">5.1. Die Preise der Firma Clean Cars Fahrzeugpflege richten sich grunds\u00e4tzlich nach dem Zustand oder dem Verschmutzungsgrad des zu reinigenden Kfz. Alle angegebenen Preise, sofern Sie nicht mit dem Kunden abgesprochen sind, entsprechen Serviceleistungen f\u00fcr Fahrzeuge mit normalem Verschmutzungsgrad.<\/p><p style=\"text-align: center;\">5.2. Preisangaben auf Informationsunterlagen, sowie der Webseite des Dienstleisters dienen der Orientierung und sind unverbindlich. Der verbindliche Preis f\u00fcr die beauftragte Serviceleistung ist ausschlie\u00dflich in der schriftlichen Auftragsbest\u00e4tigung enthalten.<\/p><p style=\"text-align: center;\">5.3. Bei extremen Verschmutzungen wie z.B. Farben, Tierhaaren, F\u00e4kalien, etc., bei denen eine spezielle Behandlung erforderlich ist, kann ein Aufpreis geltend gemacht werden, welcher zus\u00e4tzlich zum Pauschalpreis zu entrichten ist. Aufpreise m\u00fcssen auf dem Auftragsformular zwischen den Vertragsparteien schriftlich festgehalten werden. Sollten st\u00e4rkere Verschmutzungen erst w\u00e4hrend der Reinigung bemerkt bzw. festgestellt werden, so ist der Auftraggeber unverz\u00fcglich hier\u00fcber in Kenntnis zu setzen. Eine Auftragserteilung gegen Mehrkosten kann hierbei telefonisch erteilt werden.<\/p><p style=\"text-align: center;\">5.4. Die endg\u00fcltigen Preise der Reinigung bzw. Aufbereitung werden vor Beginn der Arbeiten festgelegt und auf dem Auftragsformular dokumentiert.<\/p><p>\u00a0<\/p><p style=\"text-align: center;\"><span style=\"color: #c00d0e;\"><strong>\u00a7 6 Gutscheine<\/strong><strong>\u00a0<\/strong><\/span><\/p><p style=\"text-align: center;\">6.1. Gutscheine und evtl. Restguthaben sind bis zum ende des zweiten Jahres nach dem Jahr des Gutscheineinkaufs einl\u00f6sbar. Pro Auftrag ist nur ein Gutschein einl\u00f6sbar. Gutschein-Guthaben wird nicht in Bargeld ausgezahlt. Der Gutschein ist nicht \u00fcbertragbar.<\/p><p>\u00a0<\/p><p style=\"text-align: center;\"><strong>\u00a0<span style=\"color: #c00d0e;\">\u00a7 <\/span><\/strong><span style=\"color: #c00d0e;\"><strong>7 Formalit\u00e4ten und schriftliche Absicherung<\/strong><\/span><\/p><p style=\"text-align: center;\">7.1. Vor Beginn der durchzuf\u00fchrenden Arbeiten am Fahrzeug, m\u00fcssen die Auftragsformulare vom Kunden unterzeichnet werden. Hierzu geh\u00f6ren neben der Auftragsbest\u00e4tigung ggf. eine Beschreibung der vorhandenen Sch\u00e4den am Fahrzeug. Diese dienen der rechtlichen Absicherung des Auftraggebers und der Firma Clean Cars Fahrzeugpflege sowie dessen Mitarbeitern.<\/p><p style=\"text-align: center;\">7.2. Die Firma Clean Cars Fahrzeugpflege beh\u00e4lt sich rechtliche Schritte gegen den Auftraggeber vor, wenn dieser Schadensersatzanspr\u00fcche nach Abschluss des Auftrages geltend machen m\u00f6chte, die sich auf bereits vor der Ausf\u00fchrung des Auftrages vorhandene Sch\u00e4den beziehen.<\/p><p style=\"text-align: center;\">7.3. Mit der Unterzeichnung dieser Formulare best\u00e4tigt der Kunde ihre Richtigkeit. Zugleich werden durch die Unterzeichnung auch unsere Allgemeinen Gesch\u00e4ftsbedingungen (AGB) und die ggf. auf der Auftragsbest\u00e4tigung festgehaltenen au\u00dferordentlichen Vereinbarungen akzeptiert und anerkannt.<\/p><p style=\"text-align: center;\">7.4. Bei m\u00fcndlichen Vereinbarungen Akzeptiert der Kunde nach Schl\u00fcssel\u00fcbergabe auch unsere Allgemeinen Gesch\u00e4ftsbedingungen.<\/p><p style=\"text-align: center;\">7.5. Die Fahrzeug\u00fcbernahme vom Anbieter sowie die Fahrzeug\u00fcbergabe an den Auftraggeber erfolgt am Tag der Dienstleistungserbringung. Eine Lagerung des Fahrzeuges auf dem Gel\u00e4nde der Firma Clean Cars Fahrzeugpflege \u00fcber Nacht ist nicht vorgesehen. Sollte der Auftraggeber eine Lagerung w\u00fcnschen, geschieht dies auf Risiko des Auftraggebers. Der Anbieter haftet in diesem Fall nicht f\u00fcr Sch\u00e4den oder Verlust am Fahrzeug.<\/p><p style=\"text-align: center;\">7.6. Bei nicht Einhaltung der vereinbarten Fahrzeug\u00fcbergabe werden pro Wochentag Standkosten in H\u00f6he von 15,00 Euro geltend gemacht.<\/p><p>\u00a0<\/p><p style=\"text-align: center;\"><span style=\"color: #c00d0e;\"><strong>\u00a7 8 Zahlungsbedingungen \/ Zahlungsvereinbarungen<\/strong><\/span><\/p><p style=\"text-align: center;\">8.1. Unsere Leistungen erfolgen grunds\u00e4tzlich gegen Barzahlung oder nach Vereinbarung auf Rechnung.<\/p><p style=\"text-align: center;\">8.2. Zahlungsbedingungen sind vom Auftraggeber so zu akzeptieren, wie sie auf der Auftragsbest\u00e4tigung vermerkt sind.<\/p><p>\u00a0<\/p><p style=\"text-align: center;\"><span style=\"color: #c00d0e;\"><strong>\u00a7 9 G\u00fcltigkeit der Allgemeinen Gesch\u00e4ftsbedingungen<\/strong><\/span><\/p><p style=\"text-align: center;\">9.1. Diese Allgemeinen Gesch\u00e4ftsbedingungen haben G\u00fcltigkeit soweit keine anderweitige Vereinbarung zwischen den Gesch\u00e4ftsparteien getroffen wurde.<\/p><p style=\"text-align: center;\">9.2.Vereinbarungen, die von den hier aufgef\u00fchrten Bedingungen abweichen, sind schriftlich zu verfassen.<\/p><p style=\"text-align: center;\">9.3. Anderweitige Vereinbarungen, die einen oder mehrere Teile der Gesch\u00e4ftsbedingungen betreffen, haben keinen Einfluss auf die G\u00fcltigkeit der \u00fcbrigen Bedingungen. \u00c4nderungen und Irrt\u00fcmer sind vorbehalten.<\/p><p>\u00a0<\/p><p>\u00a0<\/p><p style=\"text-align: left;\">Stand Mai 2022<\/p>\t\t\t\t\t\t\t\t<\/div>\n\t\t\t\t<\/div>\n\t\t\t\t\t<\/div>\n\t\t\t\t<\/div>\n\t\t\t\t<\/div>\n\t\t\t\t<\/div>\n\t\t","protected":false},"excerpt":{"rendered":"<p>AGB \u00a7 1 Gegenstand der Gesch\u00e4ftsbedingungenGegenstand der nachfolgenden Bedingungen ist die Fahrzeugaufbereitung, insbesondere das Reinigen, Pflegen an Kraftfahrzeugen aller Art, soweit dies gesetzlich zul\u00e4ssig ist. Die angebotenen Leistungen werden ausschlie\u00dflich zu den jeweils g\u00fcltigen Allgemeinen Gesch\u00e4ftsbedingungen der Clean Cars Fahrzeugpflege erbracht. \u00a0 \u00a7 2 Terminvereinbarungen 2.1. Zwischen der Firma Clean Cars Fahrzeugpflege und dem Auftraggeber [&hellip;]<\/p>\n","protected":false},"author":1,"featured_media":0,"parent":0,"menu_order":0,"comment_status":"closed","ping_status":"closed","template":"","meta":{"footnotes":""},"class_list":["post-840","page","type-page","status-publish","hentry"],"_links":{"self":[{"href":"https:\/\/clean-cars.de\/index.php?rest_route=\/wp\/v2\/pages\/840","targetHints":{"allow":["GET"]}}],"collection":[{"href":"https:\/\/clean-cars.de\/index.php?rest_route=\/wp\/v2\/pages"}],"about":[{"href":"https:\/\/clean-cars.de\/index.php?rest_route=\/wp\/v2\/types\/page"}],"author":[{"embeddable":true,"href":"https:\/\/clean-cars.de\/index.php?rest_route=\/wp\/v2\/users\/1"}],"replies":[{"embeddable":true,"href":"https:\/\/clean-cars.de\/index.php?rest_route=%2Fwp%2Fv2%2Fcomments&post=840"}],"version-history":[{"count":13,"href":"https:\/\/clean-cars.de\/index.php?rest_route=\/wp\/v2\/pages\/840\/revisions"}],"predecessor-version":[{"id":862,"href":"https:\/\/clean-cars.de\/index.php?rest_route=\/wp\/v2\/pages\/840\/revisions\/862"}],"wp:attachment":[{"href":"https:\/\/clean-cars.de\/index.php?rest_route=%2Fwp%2Fv2%2Fmedia&parent=840"}],"curies":[{"name":"wp","href":"https:\/\/api.w.org\/{rel}","templated":true}]}}